{"id":12491,"date":"2023-04-24T17:21:11","date_gmt":"2023-04-24T15:21:11","guid":{"rendered":"https:\/\/miguelmoreno.org\/blog\/?page_id=12491"},"modified":"2023-04-27T10:08:07","modified_gmt":"2023-04-27T08:08:07","slug":"miradas-del-sur","status":"publish","type":"page","link":"https:\/\/miguelmoreno.org\/blog\/","title":{"rendered":"Actualidad"},"content":{"rendered":"<p>Lo m\u00e1s nuevo<br \/>\n<div class=\"pt-cv-wrapper\"><div class=\"pt-cv-view pt-cv-grid pt-cv-colsys\" id=\"pt-cv-view-03b7597cam\"><div data-id=\"pt-cv-page-1\" class=\"pt-cv-page\" data-cvc=\"3\"><div class=\"col-md-4 col-sm-6 col-xs-12 pt-cv-content-item pt-cv-1-col\" ><div class='pt-cv-ifield'><a href=\"https:\/\/miguelmoreno.org\/blog\/semana-santa-de-motril-horarios-e-itinerarios\/\" class=\"_self pt-cv-href-thumbnail pt-cv-thumb-default\" target=\"_self\" ><img loading=\"lazy\" decoding=\"async\" width=\"300\" height=\"157\" src=\"https:\/\/miguelmoreno.org\/blog\/wp-content\/uploads\/2026\/03\/semana-santa.motril-300x157.jpeg\" class=\"pt-cv-thumbnail\" alt=\"Gu\u00eda de la Semana Santa de Motril con cofrad\u00edas, hermandades, historia, templos, horarios e itinerarios\" srcset=\"https:\/\/miguelmoreno.org\/blog\/wp-content\/uploads\/2026\/03\/semana-santa.motril-300x157.jpeg 300w, https:\/\/miguelmoreno.org\/blog\/wp-content\/uploads\/2026\/03\/semana-santa.motril-1024x536.jpeg 1024w, https:\/\/miguelmoreno.org\/blog\/wp-content\/uploads\/2026\/03\/semana-santa.motril-768x402.jpeg 768w, https:\/\/miguelmoreno.org\/blog\/wp-content\/uploads\/2026\/03\/semana-santa.motril-1536x804.jpeg 1536w, https:\/\/miguelmoreno.org\/blog\/wp-content\/uploads\/2026\/03\/semana-santa.motril-2048x1072.jpeg 2048w\" sizes=\"auto, (max-width: 300px) 100vw, 300px\" \/><\/a>\n<h4 class=\"pt-cv-title\"><a href=\"https:\/\/miguelmoreno.org\/blog\/semana-santa-de-motril-horarios-e-itinerarios\/\" class=\"_self\" target=\"_self\" >Semana Santa de Motril 2026: Horarios e Itinerarios<\/a><\/h4>\n<div class=\"pt-cv-content\">La Semana Santa de Motril, declarada Fiesta de Inter\u00e9s Tur\u00edstico Nacional de Andaluc\u00eda, destaca por su singularidad geogr\u00e1fica \u2014entre el ...<br \/><div class=\"pt-cv-rmwrap\"><a href=\"https:\/\/miguelmoreno.org\/blog\/semana-santa-de-motril-horarios-e-itinerarios\/\" class=\"_self pt-cv-readmore btn btn-success\" target=\"_self\">Leer M\u00e1s<\/a><\/div><\/div><\/div><\/div>\n<div class=\"col-md-4 col-sm-6 col-xs-12 pt-cv-content-item pt-cv-1-col\" ><div class='pt-cv-ifield'><a href=\"https:\/\/miguelmoreno.org\/blog\/baston-rojo-blanco-once-sordoceguera\/\" class=\"_self pt-cv-href-thumbnail pt-cv-thumb-default\" target=\"_self\" ><img loading=\"lazy\" decoding=\"async\" width=\"300\" height=\"157\" src=\"https:\/\/miguelmoreno.org\/blog\/wp-content\/uploads\/2025\/09\/baston-rojo-blanco-simbolo-personas-sordoceguera-300x157.webp\" class=\"pt-cv-thumbnail\" alt=\"Bast\u00f3n rojo-blanco, s\u00edmbolo identificativo de las personas con sordoceguera\" srcset=\"https:\/\/miguelmoreno.org\/blog\/wp-content\/uploads\/2025\/09\/baston-rojo-blanco-simbolo-personas-sordoceguera-300x157.webp 300w, https:\/\/miguelmoreno.org\/blog\/wp-content\/uploads\/2025\/09\/baston-rojo-blanco-simbolo-personas-sordoceguera.webp 550w\" sizes=\"auto, (max-width: 300px) 100vw, 300px\" \/><\/a>\n<h4 class=\"pt-cv-title\"><a href=\"https:\/\/miguelmoreno.org\/blog\/baston-rojo-blanco-once-sordoceguera\/\" class=\"_self\" target=\"_self\" >Bast\u00f3n rojo-blanco para  personas con sordoceguera<\/a><\/h4>\n<div class=\"pt-cv-content\">La ONCE, a trav\u00e9s de su Fundaci\u00f3n para la Atenci\u00f3n de las Personas con Sordoceguera (FOAPS), junto con la Federaci\u00f3n ...<br \/><div class=\"pt-cv-rmwrap\"><a href=\"https:\/\/miguelmoreno.org\/blog\/baston-rojo-blanco-once-sordoceguera\/\" class=\"_self pt-cv-readmore btn btn-success\" target=\"_self\">Leer M\u00e1s<\/a><\/div><\/div><\/div><\/div>\n<div class=\"col-md-4 col-sm-6 col-xs-12 pt-cv-content-item pt-cv-1-col\" ><div class='pt-cv-ifield'><a href=\"https:\/\/miguelmoreno.org\/blog\/calendario-escolar-malaga\/\" class=\"_self pt-cv-href-thumbnail pt-cv-thumb-default\" target=\"_self\" ><img loading=\"lazy\" decoding=\"async\" width=\"202\" height=\"300\" src=\"https:\/\/miguelmoreno.org\/blog\/wp-content\/uploads\/2023\/06\/calendario-escolar-malaga-2025-26-202x300.webp\" class=\"pt-cv-thumbnail\" alt=\"Calendario escolar 2025-2026 en M\u00e1laga con inicio y fin de curso, vacaciones y festivos oficiales.\" srcset=\"https:\/\/miguelmoreno.org\/blog\/wp-content\/uploads\/2023\/06\/calendario-escolar-malaga-2025-26-202x300.webp 202w, https:\/\/miguelmoreno.org\/blog\/wp-content\/uploads\/2023\/06\/calendario-escolar-malaga-2025-26.webp 371w\" sizes=\"auto, (max-width: 202px) 100vw, 202px\" \/><\/a>\n<h4 class=\"pt-cv-title\"><a href=\"https:\/\/miguelmoreno.org\/blog\/calendario-escolar-malaga\/\" class=\"_self\" target=\"_self\" >Calendario Escolar de M\u00e1laga  2025 &#8211; 2026<\/a><\/h4>\n<div class=\"pt-cv-content\">Calendario escolar oficial 2025-2026 en la ciudad de M\u00e1laga, con las fechas de inicio y fin de curso, las vacaciones ...<br \/><div class=\"pt-cv-rmwrap\"><a href=\"https:\/\/miguelmoreno.org\/blog\/calendario-escolar-malaga\/\" class=\"_self pt-cv-readmore btn btn-success\" target=\"_self\">Leer M\u00e1s<\/a><\/div><\/div><\/div><\/div><\/div><\/div><\/div><\/p>\n<p>M\u00e1laga<br \/>\n<div class=\"pt-cv-wrapper\"><div class=\"pt-cv-view pt-cv-grid pt-cv-colsys\" id=\"pt-cv-view-403b5837mb\"><div data-id=\"pt-cv-page-1\" class=\"pt-cv-page\" data-cvc=\"3\"><div class=\"col-md-4 col-sm-6 col-xs-12 pt-cv-content-item pt-cv-1-col\" ><div class='pt-cv-ifield'><a href=\"https:\/\/miguelmoreno.org\/blog\/calendario-escolar-malaga\/\" class=\"_self pt-cv-href-thumbnail pt-cv-thumb-default\" target=\"_self\" ><img loading=\"lazy\" decoding=\"async\" width=\"202\" height=\"300\" src=\"https:\/\/miguelmoreno.org\/blog\/wp-content\/uploads\/2023\/06\/calendario-escolar-malaga-2025-26-202x300.webp\" class=\"pt-cv-thumbnail\" alt=\"Calendario escolar 2025-2026 en M\u00e1laga con inicio y fin de curso, vacaciones y festivos oficiales.\" srcset=\"https:\/\/miguelmoreno.org\/blog\/wp-content\/uploads\/2023\/06\/calendario-escolar-malaga-2025-26-202x300.webp 202w, https:\/\/miguelmoreno.org\/blog\/wp-content\/uploads\/2023\/06\/calendario-escolar-malaga-2025-26.webp 371w\" sizes=\"auto, (max-width: 202px) 100vw, 202px\" \/><\/a>\n<h4 class=\"pt-cv-title\"><a href=\"https:\/\/miguelmoreno.org\/blog\/calendario-escolar-malaga\/\" class=\"_self\" target=\"_self\" >Calendario Escolar de M\u00e1laga  2025 &#8211; 2026<\/a><\/h4>\n<div class=\"pt-cv-content\">Calendario escolar oficial 2025-2026 en la ciudad de M\u00e1laga, con las fechas de inicio y fin de curso, las vacaciones ...<br \/><div class=\"pt-cv-rmwrap\"><a href=\"https:\/\/miguelmoreno.org\/blog\/calendario-escolar-malaga\/\" class=\"_self pt-cv-readmore btn btn-success\" target=\"_self\">Leer M\u00e1s<\/a><\/div><\/div><\/div><\/div>\n<div class=\"col-md-4 col-sm-6 col-xs-12 pt-cv-content-item pt-cv-1-col\" ><div class='pt-cv-ifield'><a href=\"https:\/\/miguelmoreno.org\/blog\/dia-de-la-bandera-de-andalucia\/\" class=\"_self pt-cv-href-thumbnail pt-cv-thumb-default\" target=\"_self\" ><img loading=\"lazy\" decoding=\"async\" width=\"300\" height=\"300\" src=\"https:\/\/miguelmoreno.org\/blog\/wp-content\/uploads\/2007\/12\/dia.bandera-andalucia-300x300.jpeg\" class=\"pt-cv-thumbnail\" alt=\"D\u00eda de la Bandera de Andaluc\u00eda\" srcset=\"https:\/\/miguelmoreno.org\/blog\/wp-content\/uploads\/2007\/12\/dia.bandera-andalucia-300x300.jpeg 300w, https:\/\/miguelmoreno.org\/blog\/wp-content\/uploads\/2007\/12\/dia.bandera-andalucia-150x150.jpeg 150w, https:\/\/miguelmoreno.org\/blog\/wp-content\/uploads\/2007\/12\/dia.bandera-andalucia.jpeg 550w\" sizes=\"auto, (max-width: 300px) 100vw, 300px\" \/><\/a>\n<h4 class=\"pt-cv-title\"><a href=\"https:\/\/miguelmoreno.org\/blog\/dia-de-la-bandera-de-andalucia\/\" class=\"_self\" target=\"_self\" >D\u00eda de la Bandera de Andaluc\u00eda<\/a><\/h4>\n<div class=\"pt-cv-content\">El 4 de Diciembre de 2022 se celebra por primera vez en la historia de Andaluc\u00eda el D\u00eda de la ...<br \/><div class=\"pt-cv-rmwrap\"><a href=\"https:\/\/miguelmoreno.org\/blog\/dia-de-la-bandera-de-andalucia\/\" class=\"_self pt-cv-readmore btn btn-success\" target=\"_self\">Leer M\u00e1s<\/a><\/div><\/div><\/div><\/div>\n<div class=\"col-md-4 col-sm-6 col-xs-12 pt-cv-content-item pt-cv-1-col\" ><div class='pt-cv-ifield'><a href=\"https:\/\/miguelmoreno.org\/blog\/las-obras-en-la-avenida-de-la-finca-la-palma-empiezan-en-octubre\/\" class=\"_self pt-cv-href-thumbnail pt-cv-thumb-default\" target=\"_self\" ><\/a>\n<h4 class=\"pt-cv-title\"><a href=\"https:\/\/miguelmoreno.org\/blog\/las-obras-en-la-avenida-de-la-finca-la-palma-empiezan-en-octubre\/\" class=\"_self\" target=\"_self\" >Obras en la Avenida Jorge Luis Borges en la Finca La Palma<\/a><\/h4>\n<div class=\"pt-cv-content\">URBANISMO ADJUDICA LAS OBRAS DEL BULEVAR QUE CONECTARA\u0301 LAS AVENIDAS DE PLUTARCO Y JORGE LUIS BORGES CON UNA INVERSIO\u0301N DE ...<br \/><div class=\"pt-cv-rmwrap\"><a href=\"https:\/\/miguelmoreno.org\/blog\/las-obras-en-la-avenida-de-la-finca-la-palma-empiezan-en-octubre\/\" class=\"_self pt-cv-readmore btn btn-success\" target=\"_self\">Leer M\u00e1s<\/a><\/div><\/div><\/div><\/div><\/div><\/div><\/div><\/p>\n<p>Granada<br \/>\n<div class=\"pt-cv-wrapper\"><div class=\"pt-cv-view pt-cv-grid pt-cv-colsys\" id=\"pt-cv-view-601a7a6twb\"><div data-id=\"pt-cv-page-1\" class=\"pt-cv-page\" data-cvc=\"3\"><div class=\"col-md-4 col-sm-6 col-xs-12 pt-cv-content-item pt-cv-1-col\" ><div class='pt-cv-ifield'><a href=\"https:\/\/miguelmoreno.org\/blog\/horarios-e-itinerarios-semana-santa-granada\/\" class=\"_self pt-cv-href-thumbnail pt-cv-thumb-default\" target=\"_self\" ><\/a>\n<h4 class=\"pt-cv-title\"><a href=\"https:\/\/miguelmoreno.org\/blog\/horarios-e-itinerarios-semana-santa-granada\/\" class=\"_self\" target=\"_self\" >HORARIOS E ITINERARIOS Semana Santa de Granada 2017<\/a><\/h4>\n<div class=\"pt-cv-content\">HORARIOS E ITINERARIOS DE LAS HERMANDADES Y COFRAD\u00ed\u008dAS QUE REALIZAR\u00e1N SU ESTACI\u00ed\u00f3N DE PENITENCIA EN LOS D\u00ed\u008dAS DE LA SEMANA ...<br \/><div class=\"pt-cv-rmwrap\"><a href=\"https:\/\/miguelmoreno.org\/blog\/horarios-e-itinerarios-semana-santa-granada\/\" class=\"_self pt-cv-readmore btn btn-success\" target=\"_self\">Leer M\u00e1s<\/a><\/div><\/div><\/div><\/div>\n<div class=\"col-md-4 col-sm-6 col-xs-12 pt-cv-content-item pt-cv-1-col\" ><div class='pt-cv-ifield'><a href=\"https:\/\/miguelmoreno.org\/blog\/tormenta-de-granizo-en-granada\/\" class=\"_self pt-cv-href-thumbnail pt-cv-thumb-default\" target=\"_self\" ><\/a>\n<h4 class=\"pt-cv-title\"><a href=\"https:\/\/miguelmoreno.org\/blog\/tormenta-de-granizo-en-granada\/\" class=\"_self\" target=\"_self\" >Tormenta de granizo en Granada<\/a><\/h4>\n<div class=\"pt-cv-content\">En la tarde de hoy\u00a0jueves 2 de Octubre ha caido sobre Granada una impresionante tormenta de granizo. Numeroso bajos y ...<br \/><div class=\"pt-cv-rmwrap\"><a href=\"https:\/\/miguelmoreno.org\/blog\/tormenta-de-granizo-en-granada\/\" class=\"_self pt-cv-readmore btn btn-success\" target=\"_self\">Leer M\u00e1s<\/a><\/div><\/div><\/div><\/div>\n<div class=\"col-md-4 col-sm-6 col-xs-12 pt-cv-content-item pt-cv-1-col\" ><div class='pt-cv-ifield'><a href=\"https:\/\/miguelmoreno.org\/blog\/aire-de-moda-2014-en-granada\/\" class=\"_self pt-cv-href-thumbnail pt-cv-thumb-default\" target=\"_self\" ><\/a>\n<h4 class=\"pt-cv-title\"><a href=\"https:\/\/miguelmoreno.org\/blog\/aire-de-moda-2014-en-granada\/\" class=\"_self\" target=\"_self\" >&#8216;Aire de moda&#8217; en Granada<\/a><\/h4>\n<div class=\"pt-cv-content\">La Carrera de la Virgen acoger\u00e1, a partir de las siete de la tarde del s\u00e1bado, la segunda edici\u00f3n de ...<br \/><div class=\"pt-cv-rmwrap\"><a href=\"https:\/\/miguelmoreno.org\/blog\/aire-de-moda-2014-en-granada\/\" class=\"_self pt-cv-readmore btn btn-success\" target=\"_self\">Leer M\u00e1s<\/a><\/div><\/div><\/div><\/div><\/div><\/div><\/div><\/p>\n<p>Se llama Copla<br \/>\n<div class=\"pt-cv-wrapper\"><div class=\"pt-cv-view pt-cv-grid pt-cv-colsys\" id=\"pt-cv-view-f1bee2e89n\"><div data-id=\"pt-cv-page-1\" class=\"pt-cv-page\" data-cvc=\"3\"><div class=\"col-md-4 col-sm-6 col-xs-12 pt-cv-content-item pt-cv-1-col\" ><div class='pt-cv-ifield'><a href=\"https:\/\/miguelmoreno.org\/blog\/primera-semifinal-de-tierra-de-talento-2021\/\" class=\"_self pt-cv-href-thumbnail pt-cv-thumb-default\" target=\"_self\" ><\/a>\n<h4 class=\"pt-cv-title\"><a href=\"https:\/\/miguelmoreno.org\/blog\/primera-semifinal-de-tierra-de-talento-2021\/\" class=\"_self\" target=\"_self\" >Primera semifinal de Tierra de Talento 2021<\/a><\/h4>\n<div class=\"pt-cv-content\">La Primera semifinal de la segunda edici\u00f3n de Tierra de talento en Canalsur se celebra el s\u00e1bado 23 de Enero ...<br \/><div class=\"pt-cv-rmwrap\"><a href=\"https:\/\/miguelmoreno.org\/blog\/primera-semifinal-de-tierra-de-talento-2021\/\" class=\"_self pt-cv-readmore btn btn-success\" target=\"_self\">Leer M\u00e1s<\/a><\/div><\/div><\/div><\/div>\n<div class=\"col-md-4 col-sm-6 col-xs-12 pt-cv-content-item pt-cv-1-col\" ><div class='pt-cv-ifield'><a href=\"https:\/\/miguelmoreno.org\/blog\/cuando-vuelve-se-llama-copla\/\" class=\"_self pt-cv-href-thumbnail pt-cv-thumb-default\" target=\"_self\" ><\/a>\n<h4 class=\"pt-cv-title\"><a href=\"https:\/\/miguelmoreno.org\/blog\/cuando-vuelve-se-llama-copla\/\" class=\"_self\" target=\"_self\" >\u00bfCuando vuelve Se llama copla?<\/a><\/h4>\n<div class=\"pt-cv-content\">Esa es la gran pregunta que todos los aficionados a la copla nos hacemos \u00bfCuando empieza Se llama copla? \u00bfvolveremos ...<br \/><div class=\"pt-cv-rmwrap\"><a href=\"https:\/\/miguelmoreno.org\/blog\/cuando-vuelve-se-llama-copla\/\" class=\"_self pt-cv-readmore btn btn-success\" target=\"_self\">Leer M\u00e1s<\/a><\/div><\/div><\/div><\/div>\n<div class=\"col-md-4 col-sm-6 col-xs-12 pt-cv-content-item pt-cv-1-col\" ><div class='pt-cv-ifield'><a href=\"https:\/\/miguelmoreno.org\/blog\/coplas-por-la-muerte-de-su-padre\/\" class=\"_self pt-cv-href-thumbnail pt-cv-thumb-default\" target=\"_self\" ><\/a>\n<h4 class=\"pt-cv-title\"><a href=\"https:\/\/miguelmoreno.org\/blog\/coplas-por-la-muerte-de-su-padre\/\" class=\"_self\" target=\"_self\" >Coplas por la muerte de su padre<\/a><\/h4>\n<div class=\"pt-cv-content\">PACO IB\u00c1\u00d1EZ \"Coplas por la muerte de su padre\" Coplas por la muerte de su padre de de Jorge Manrique ...<br \/><div class=\"pt-cv-rmwrap\"><a href=\"https:\/\/miguelmoreno.org\/blog\/coplas-por-la-muerte-de-su-padre\/\" class=\"_self pt-cv-readmore btn btn-success\" target=\"_self\">Leer M\u00e1s<\/a><\/div><\/div><\/div><\/div><\/div><\/div><\/div><\/p>\n<p>&nbsp;<\/p>\n","protected":false},"excerpt":{"rendered":"<p>Lo m\u00e1s nuevo M\u00e1laga Granada Se llama Copla &nbsp;<\/p>\n","protected":false},"author":6,"featured_media":0,"parent":0,"menu_order":0,"comment_status":"closed","ping_status":"closed","template":"","meta":{"footnotes":""},"class_list":["post-12491","page","type-page","status-publish"],"yoast_head":"<!-- This site is optimized with the Yoast SEO plugin v25.9 - https:\/\/yoast.com\/wordpress\/plugins\/seo\/ -->\n<title>Actualidad - El Blog del Sur<\/title>\n<meta name=\"robots\" content=\"index, follow, max-snippet:-1, max-image-preview:large, max-video-preview:-1\" \/>\n<link rel=\"canonical\" href=\"https:\/\/miguelmoreno.org\/blog\/\" \/>\n<meta name=\"twitter:label1\" content=\"Tiempo de lectura\" \/>\n\t<meta name=\"twitter:data1\" content=\"1 minuto\" \/>\n<script type=\"application\/ld+json\" class=\"yoast-schema-graph\">{\"@context\":\"https:\/\/schema.org\",\"@graph\":[{\"@type\":\"WebPage\",\"@id\":\"https:\/\/miguelmoreno.org\/blog\/\",\"url\":\"https:\/\/miguelmoreno.org\/blog\/\",\"name\":\"Actualidad - El Blog del Sur\",\"isPartOf\":{\"@id\":\"https:\/\/miguelmoreno.org\/blog\/#website\"},\"datePublished\":\"2023-04-24T15:21:11+00:00\",\"dateModified\":\"2023-04-27T08:08:07+00:00\",\"breadcrumb\":{\"@id\":\"https:\/\/miguelmoreno.org\/blog\/#breadcrumb\"},\"inLanguage\":\"es\",\"potentialAction\":[{\"@type\":\"ReadAction\",\"target\":[\"https:\/\/miguelmoreno.org\/blog\/\"]}]},{\"@type\":\"BreadcrumbList\",\"@id\":\"https:\/\/miguelmoreno.org\/blog\/#breadcrumb\",\"itemListElement\":[{\"@type\":\"ListItem\",\"position\":1,\"name\":\"Portada\",\"item\":\"https:\/\/miguelmoreno.org\/blog\/\"},{\"@type\":\"ListItem\",\"position\":2,\"name\":\"Actualidad\"}]},{\"@type\":\"WebSite\",\"@id\":\"https:\/\/miguelmoreno.org\/blog\/#website\",\"url\":\"https:\/\/miguelmoreno.org\/blog\/\",\"name\":\"El Blog del Sur\",\"description\":\"Cultura, conciertos, ferias, coplas...\",\"potentialAction\":[{\"@type\":\"SearchAction\",\"target\":{\"@type\":\"EntryPoint\",\"urlTemplate\":\"https:\/\/miguelmoreno.org\/blog\/?s={search_term_string}\"},\"query-input\":{\"@type\":\"PropertyValueSpecification\",\"valueRequired\":true,\"valueName\":\"search_term_string\"}}],\"inLanguage\":\"es\"}]}<\/script>\n<!-- \/ Yoast SEO plugin. -->","yoast_head_json":{"title":"Actualidad - El Blog del Sur","robots":{"index":"index","follow":"follow","max-snippet":"max-snippet:-1","max-image-preview":"max-image-preview:large","max-video-preview":"max-video-preview:-1"},"canonical":"https:\/\/miguelmoreno.org\/blog\/","twitter_misc":{"Tiempo de lectura":"1 minuto"},"schema":{"@context":"https:\/\/schema.org","@graph":[{"@type":"WebPage","@id":"https:\/\/miguelmoreno.org\/blog\/","url":"https:\/\/miguelmoreno.org\/blog\/","name":"Actualidad - El Blog del Sur","isPartOf":{"@id":"https:\/\/miguelmoreno.org\/blog\/#website"},"datePublished":"2023-04-24T15:21:11+00:00","dateModified":"2023-04-27T08:08:07+00:00","breadcrumb":{"@id":"https:\/\/miguelmoreno.org\/blog\/#breadcrumb"},"inLanguage":"es","potentialAction":[{"@type":"ReadAction","target":["https:\/\/miguelmoreno.org\/blog\/"]}]},{"@type":"BreadcrumbList","@id":"https:\/\/miguelmoreno.org\/blog\/#breadcrumb","itemListElement":[{"@type":"ListItem","position":1,"name":"Portada","item":"https:\/\/miguelmoreno.org\/blog\/"},{"@type":"ListItem","position":2,"name":"Actualidad"}]},{"@type":"WebSite","@id":"https:\/\/miguelmoreno.org\/blog\/#website","url":"https:\/\/miguelmoreno.org\/blog\/","name":"El Blog del Sur","description":"Cultura, conciertos, ferias, coplas...","potentialAction":[{"@type":"SearchAction","target":{"@type":"EntryPoint","urlTemplate":"https:\/\/miguelmoreno.org\/blog\/?s={search_term_string}"},"query-input":{"@type":"PropertyValueSpecification","valueRequired":true,"valueName":"search_term_string"}}],"inLanguage":"es"}]}},"_links":{"self":[{"href":"https:\/\/miguelmoreno.org\/blog\/wp-json\/wp\/v2\/pages\/12491","targetHints":{"allow":["GET"]}}],"collection":[{"href":"https:\/\/miguelmoreno.org\/blog\/wp-json\/wp\/v2\/pages"}],"about":[{"href":"https:\/\/miguelmoreno.org\/blog\/wp-json\/wp\/v2\/types\/page"}],"author":[{"embeddable":true,"href":"https:\/\/miguelmoreno.org\/blog\/wp-json\/wp\/v2\/users\/6"}],"replies":[{"embeddable":true,"href":"https:\/\/miguelmoreno.org\/blog\/wp-json\/wp\/v2\/comments?post=12491"}],"version-history":[{"count":4,"href":"https:\/\/miguelmoreno.org\/blog\/wp-json\/wp\/v2\/pages\/12491\/revisions"}],"predecessor-version":[{"id":12500,"href":"https:\/\/miguelmoreno.org\/blog\/wp-json\/wp\/v2\/pages\/12491\/revisions\/12500"}],"wp:attachment":[{"href":"https:\/\/miguelmoreno.org\/blog\/wp-json\/wp\/v2\/media?parent=12491"}],"curies":[{"name":"wp","href":"https:\/\/api.w.org\/{rel}","templated":true}]}}