{"id":12549,"date":"2023-12-21T11:52:25","date_gmt":"2023-12-21T09:52:25","guid":{"rendered":"https:\/\/miguelmoreno.org\/blog\/?page_id=12549"},"modified":"2023-12-21T15:17:18","modified_gmt":"2023-12-21T13:17:18","slug":"aviso-legal","status":"publish","type":"page","link":"https:\/\/miguelmoreno.org\/blog\/aviso-legal\/","title":{"rendered":"Aviso Legal"},"content":{"rendered":"<p>Aviso Legal y condiciones de uso<br \/>\nBienvenido a esta web. En este apartado encontrar\u00e1s toda la informaci\u00f3n relativa a la titularidad de esta web y las normas que aplicamos a este portal para garantizar todos tus derechos y cumplir nuestras obligaciones.<br \/>\nLa presente p\u00e1gina web cumple los requisitos legales referidos a la protecci\u00f3n de datos (Ley 15\/1999, de protecci\u00f3n de datos de car\u00e1cter personal y con la Ley 34\/2002, de 11 de julio, de servicios de la sociedad de la informaci\u00f3n y de comercio electr\u00f3nico.<\/p>\n<p>Datos sobre el responsable de esta web<br \/>\n<img loading=\"lazy\" decoding=\"async\" class=\"wp-image-12550 alignnone\" src=\"https:\/\/miguelmoreno.org\/blog\/wp-content\/uploads\/2023\/12\/aviso-legal.jpg\" alt=\"\" width=\"506\" height=\"68\" srcset=\"https:\/\/miguelmoreno.org\/blog\/wp-content\/uploads\/2023\/12\/aviso-legal.jpg 1024w, https:\/\/miguelmoreno.org\/blog\/wp-content\/uploads\/2023\/12\/aviso-legal-300x40.jpg 300w, https:\/\/miguelmoreno.org\/blog\/wp-content\/uploads\/2023\/12\/aviso-legal-768x103.jpg 768w\" sizes=\"auto, (max-width: 506px) 100vw, 506px\" \/><\/p>\n<p>La finalidad de esta p\u00e1gina web<br \/>\nLa informaci\u00f3n publicada en la presente Web tiene car\u00e1cter informativo y ha sido recabada de los terceros titulares de dicha informaci\u00f3n. Esta web procura que en todo momento la informaci\u00f3n facilitada sea exacta y est\u00e9 actualizada pero no se responsabilizar\u00e1 de la exactitud, adecuaci\u00f3n, integridad o veracidad de la informaci\u00f3n proporcionada, la cual s\u00f3lo se limitar\u00e1 a publicar; ni por los da\u00f1os y perjuicios de toda naturaleza derivados de la falta de disponibilidad o de continuidad del funcionamiento de los servicios ofrecidos en el sitio web.<br \/>\nEsta web tiene car\u00e1cter privado. No es una p\u00e1gina oficial ni tiene ninguna relaci\u00f3n con p\u00e1ginas oficiales.<br \/>\nConcretamente, esta web, tendr\u00e1 las siguientes finalidades: Suministrar informaci\u00f3n, Crear un canal de informaci\u00f3n, opiniones y colaboraci\u00f3n, Promocionar Servicios de afiliados.<\/p>\n<p>El acceso y\/o uso de este sitio web atribuye a quien lo realiza la condici\u00f3n de Usuario, aceptando, desde este mismo momento, plenamente y sin reserva alguna, el presente Aviso Legal, as\u00ed como las condiciones particulares que, en su caso, lo complementen, en relaci\u00f3n con determinados servicios y contenidos del sitio web.<br \/>\nEl Usuario queda informado, y acepta, que el acceso a la presente web no supone, en modo alguno, el inicio de una relaci\u00f3n comercial con esta web. De esta forma, el usuario se compromete a utilizar el sitio Web, sus servicios y contenidos sin contravenir la legislaci\u00f3n vigente, la buena fe y el orden p\u00fablico. Queda prohibido el uso de la web con fines il\u00edcitos o lesivos, o que, de cualquier forma, puedan causar perjuicio o impedir el normal funcionamiento del sitio web. Respecto de los contenidos de este site, se proh\u00edbe:<\/p>\n<p>Su reproducci\u00f3n, distribuci\u00f3n o modificaci\u00f3n, total o parcial, a menos que se cuente con la autorizaci\u00f3n de sus leg\u00edtimos titulares;<br \/>\nCualquier vulneraci\u00f3n de los derechos del prestador o de los leg\u00edtimos titulares;<br \/>\nCompromisos y obligaciones de los usuarios<br \/>\nEn la utilizaci\u00f3n de la web esta web el Usuario se compromete a no llevar a cabo ninguna conducta que pudiera da\u00f1ar la imagen, los intereses y los derechos de esta web o de terceros o que pudiera da\u00f1ar, inutilizar o sobrecargar el portal esta web o que impidiera, de cualquier forma, la normal utilizaci\u00f3n de la web.<br \/>\nesta web adopta medidas de seguridad razonablemente adecuadas para detectar la existencia de virus .No obstante, el Usuario debe ser consciente de que las medidas de seguridad de los sistemas inform\u00e1ticos en Internet no son enteramente fiables y que, por tanto esta web no puede garantizar la inexistencia de virus u otros elementos que puedan producir alteraciones en los sistemas inform\u00e1ticos (software y hardware) del Usuario o en sus documentos electr\u00f3nicos y ficheros contenidos en los mismos.<\/p>\n<p>Anuncios patrocinados, enlaces de afiliados y publicidad<br \/>\nLas p\u00e1ginas de la web proporcionan enlaces a otros sitios web propios y contenidos que son propiedad de terceros como enlaces de afiliados y anuncios mediante Google Adsense . El \u00fanico objeto de los enlaces es proporcionar al Usuario la posibilidad de acceder a dichos enlaces , esta webno se responsabiliza en ning\u00fan caso de los resultados que puedan derivarse al Usuario por acceso a dichos enlaces.<\/p>\n<p>Asimismo, el usuario encontrar\u00e1 dentro de este sitio, p\u00e1ginas, promociones, publicistas, programas de afiliados que acceden a los h\u00e1bitos de navegaci\u00f3n de los usuarios para establecer perfiles de usuarios y mostrarle al usuario publicidad en funci\u00f3n a sus intereses y h\u00e1bitos de navegaci\u00f3n. Esta informaci\u00f3n siempre es an\u00f3nima y no se identifica al usuario.<\/p>\n<p>La Informaci\u00f3n que se proporcione en estos Sitios patrocinado o enlaces de afiliados est\u00e1 sujeta a las pol\u00edticas de privacidad que se utilicen en dichos Sitios y no estar\u00e1 sujeta a esta pol\u00edtica de privacidad. Por lo que recomendamos ampliamente a los Usuarios a revisar detalladamente las pol\u00edticas de privacidad de los enlaces de afiliado.<\/p>\n<p>Las informaciones que aparezcan en estos enlaces de afiliados o los anuncios insertados, son facilitados por los propios anunciantes, por lo que esta web no se hace responsable de posibles inexactitudes o errores que pudieran contener los anuncios, ni garantiza en modo alguno la experiencia, integridad o responsabilidad de los anunciantes o la calidad de sus productos.<br \/>\nLos anuncios permanecer\u00e1n publicados en el portal hasta que sean eliminados o suspendidos por parte del anunciante o de esta web, que l\u00f3gicamente no ser\u00e1 responsable de que, una vez dados de baja en sus bases de datos, los anuncios contin\u00faen siendo indexados en buscadores ajenos a este portal.<br \/>\nCualquier relaci\u00f3n contractual o extracontractual que el usuario formalice con los anunciantes, afiliados o terceras personas contactadas a trav\u00e9s de este portal se entienden realizados \u00fanica y exclusivamente entre el usuario y el anunciante y\/o tercera persona.<br \/>\nEl usuario sabe y acepta que esta web \u00fanicamente act\u00faa como cauce o medio publicitario y que por tanto no tiene ning\u00fan tipo de responsabilidad sobre los da\u00f1os o perjuicios de cualquier naturaleza ocasionados con motivo de sus negociaciones, conversaciones y\/o relaciones contractuales o extracontractuales con los anunciantes o terceras personas f\u00edsicas o jur\u00eddicas contactadas a trav\u00e9s de este portal.<\/p>\n<p>Derechos de propiedad intelectual e industrial<\/p>\n<p>Mediante estas Condiciones Generales no se cede ning\u00fan derecho de propiedad intelectual o industrial sobre el portal esta web ni sobre ninguno de sus elementos integrantes, quedando expresamente prohibidos al Usuario la reproducci\u00f3n, transformaci\u00f3n, distribuci\u00f3n, comunicaci\u00f3n p\u00fablica, puesta a disposici\u00f3n del p\u00fablico, extracci\u00f3n, reutilizaci\u00f3n, reenv\u00edo o la utilizaci\u00f3n de cualquier naturaleza, por cualquier medio o procedimiento, de cualquiera de ellos, salvo en los casos en que est\u00e9 legalmente permitido o sea autorizado por el titular de los correspondientes derechos.<br \/>\nEl usuario conoce y acepta que la totalidad del sitio web, conteniendo sin car\u00e1cter exhaustivo el texto, software, contenidos (incluyendo estructura, selecci\u00f3n, ordenaci\u00f3n y presentaci\u00f3n de los mismos) fotograf\u00edas, material audiovisual y gr\u00e1ficos, est\u00e1 protegida por marcas, derechos de autor y otros derechos leg\u00edtimos registrados, de acuerdo con los tratados internacionales en los que Espa\u00f1a es parte y otros derechos de propiedad y leyes de Espa\u00f1a.<br \/>\nEn el caso de que un usuario o un tercero consideren que se ha producido una violaci\u00f3n de sus leg\u00edtimos derechos de propiedad intelectual por la introducci\u00f3n de un determinado contenido en el Web, deber\u00e1 notificar dicha circunstancia a esta web indicando:<\/p>\n<p>Datos personales del interesado titular de los derechos presuntamente infringidos, o indicar la representaci\u00f3n con la que act\u00faa en caso de que la reclamaci\u00f3n la presente un tercero distinto del interesado.<br \/>\nSe\u00f1alar los contenidos protegidos por los derechos de propiedad intelectual y su ubicaci\u00f3n en el Web, la acreditaci\u00f3n de los derechos de propiedad intelectual se\u00f1alados y declaraci\u00f3n expresa en la que el interesado se responsabiliza de la veracidad de las informaciones facilitadas en la notificaci\u00f3n<\/p>\n<p>Pol\u00edtica de Protecci\u00f3n de datos y confidencialidad<br \/>\nesta web se compromete en la utilizaci\u00f3n de los datos incluidos en el fichero, a respetar su confidencialidad y a utilizarlos de acuerdo con la finalidad del mismo, as\u00ed como a dar cumplimiento a su obligaci\u00f3n de guardarlos y adaptar todas las medidas para evitar la alteraci\u00f3n, p\u00e9rdida, tratamiento o acceso no autorizado, de conformidad con lo establecido en el Real Decreto 1720\/2007 de 21 de diciembre por el que se aprueba el Reglamento de desarrollo de la Ley Org\u00e1nica 15\/1999 de 13 de diciembre, de Protecci\u00f3n de Datos de Car\u00e1cter Personal<br \/>\nEl Usuario garantiza que los datos personales facilitados a trav\u00e9s del formulario son veraces, quedando obligado a comunicar cualquier modificaci\u00f3n de los mismos. Igualmente, el Usuario garantiza que toda la informaci\u00f3n facilitada corresponde con su situaci\u00f3n real, que est\u00e1 puesta al d\u00eda y es exacta. Adem\u00e1s el Usuario se obliga a mantener en todo momento sus datos actualizados, siendo el \u00fanico responsable de la inexactitud o falsedad de los datos facilitados y de los perjuicios que pueda causar por ello a MMA como titular del portal esta web , o a terceros con motivo de la utilizaci\u00f3n de dicho.<\/p>\n<p>Exclusi\u00f3n de garant\u00edas y responsabilidad<br \/>\nEl Prestador no otorga ninguna garant\u00eda ni se hace responsable, en ning\u00fan caso, de los da\u00f1os y perjuicios de cualquier naturaleza que pudieran traer causa de:<\/p>\n<p>La falta de disponibilidad, mantenimiento y efectivo funcionamiento de la web o de sus servicios y contenidos;<br \/>\nLa existencia de virus, programas maliciosos o lesivos en los contenidos;<br \/>\nEl uso il\u00edcito, negligente, fraudulento o contrario a este Aviso Legal;<br \/>\nLa falta de licitud, calidad, fiabilidad, utilidad y disponibilidad de los servicios prestados por terceros y puestos a disposici\u00f3n de los usuarios en el sitio web.<br \/>\nEl prestador no se hace responsable bajo ning\u00fan concepto de los da\u00f1os que pudieran dimanar del uso ilegal o indebido de la presente p\u00e1gina web.<\/p>\n<p>Ley aplicable y jurisdicci\u00f3n<br \/>\nCon car\u00e1cter general las relaciones entre esta web con los Usuarios de sus servicios telem\u00e1ticos, presentes en este sitio web, se encuentran sometidas a la legislaci\u00f3n y jurisdicci\u00f3n espa\u00f1olas y a los tribunales de M\u00e1laga.<\/p>\n<p>Contacto<br \/>\nEn caso de que cualquier Usuario tuviese alguna duda acerca de estas Condiciones legales o cualquier comentario sobre el portal esta web, utilice nuestro formulario de contacto o escriba a miguelmoreno@outlook.es<\/p>\n","protected":false},"excerpt":{"rendered":"<p>Aviso Legal y condiciones de uso Bienvenido a esta web. En este apartado encontrar\u00e1s toda la informaci\u00f3n relativa a la titularidad de esta web y las normas que aplicamos a este portal para garantizar todos tus derechos y cumplir nuestras obligaciones. La presente p\u00e1gina web cumple los requisitos legales referidos a la protecci\u00f3n de datos &#8230; <\/p>\n<p class=\"read-more-container\"><a title=\"Aviso Legal\" class=\"read-more button\" href=\"https:\/\/miguelmoreno.org\/blog\/aviso-legal\/#more-12549\" aria-label=\"Leer m\u00e1s sobre Aviso Legal\">M\u00e1s informaci\u00f3n<\/a><\/p>\n","protected":false},"author":6,"featured_media":0,"parent":0,"menu_order":0,"comment_status":"closed","ping_status":"closed","template":"","meta":{"footnotes":""},"class_list":["post-12549","page","type-page","status-publish"],"yoast_head":"<!-- This site is optimized with the Yoast SEO plugin v25.9 - https:\/\/yoast.com\/wordpress\/plugins\/seo\/ -->\n<title>Aviso Legal - El Blog del Sur<\/title>\n<meta name=\"robots\" content=\"noindex, nofollow\" \/>\n<meta name=\"twitter:label1\" content=\"Tiempo de lectura\" \/>\n\t<meta name=\"twitter:data1\" content=\"8 minutos\" \/>\n<script type=\"application\/ld+json\" class=\"yoast-schema-graph\">{\"@context\":\"https:\/\/schema.org\",\"@graph\":[{\"@type\":\"WebPage\",\"@id\":\"https:\/\/miguelmoreno.org\/blog\/aviso-legal\/\",\"url\":\"https:\/\/miguelmoreno.org\/blog\/aviso-legal\/\",\"name\":\"Aviso Legal - El Blog del Sur\",\"isPartOf\":{\"@id\":\"https:\/\/miguelmoreno.org\/blog\/#website\"},\"primaryImageOfPage\":{\"@id\":\"https:\/\/miguelmoreno.org\/blog\/aviso-legal\/#primaryimage\"},\"image\":{\"@id\":\"https:\/\/miguelmoreno.org\/blog\/aviso-legal\/#primaryimage\"},\"thumbnailUrl\":\"https:\/\/miguelmoreno.org\/blog\/wp-content\/uploads\/2023\/12\/aviso-legal.jpg\",\"datePublished\":\"2023-12-21T09:52:25+00:00\",\"dateModified\":\"2023-12-21T13:17:18+00:00\",\"breadcrumb\":{\"@id\":\"https:\/\/miguelmoreno.org\/blog\/aviso-legal\/#breadcrumb\"},\"inLanguage\":\"es\",\"potentialAction\":[{\"@type\":\"ReadAction\",\"target\":[\"https:\/\/miguelmoreno.org\/blog\/aviso-legal\/\"]}]},{\"@type\":\"ImageObject\",\"inLanguage\":\"es\",\"@id\":\"https:\/\/miguelmoreno.org\/blog\/aviso-legal\/#primaryimage\",\"url\":\"https:\/\/miguelmoreno.org\/blog\/wp-content\/uploads\/2023\/12\/aviso-legal.jpg\",\"contentUrl\":\"https:\/\/miguelmoreno.org\/blog\/wp-content\/uploads\/2023\/12\/aviso-legal.jpg\",\"width\":1024,\"height\":137},{\"@type\":\"BreadcrumbList\",\"@id\":\"https:\/\/miguelmoreno.org\/blog\/aviso-legal\/#breadcrumb\",\"itemListElement\":[{\"@type\":\"ListItem\",\"position\":1,\"name\":\"Portada\",\"item\":\"https:\/\/miguelmoreno.org\/blog\/\"},{\"@type\":\"ListItem\",\"position\":2,\"name\":\"Aviso Legal\"}]},{\"@type\":\"WebSite\",\"@id\":\"https:\/\/miguelmoreno.org\/blog\/#website\",\"url\":\"https:\/\/miguelmoreno.org\/blog\/\",\"name\":\"El Blog del Sur\",\"description\":\"Cultura, conciertos, ferias, coplas...\",\"potentialAction\":[{\"@type\":\"SearchAction\",\"target\":{\"@type\":\"EntryPoint\",\"urlTemplate\":\"https:\/\/miguelmoreno.org\/blog\/?s={search_term_string}\"},\"query-input\":{\"@type\":\"PropertyValueSpecification\",\"valueRequired\":true,\"valueName\":\"search_term_string\"}}],\"inLanguage\":\"es\"}]}<\/script>\n<!-- \/ Yoast SEO plugin. -->","yoast_head_json":{"title":"Aviso Legal - El Blog del Sur","robots":{"index":"noindex","follow":"nofollow"},"twitter_misc":{"Tiempo de lectura":"8 minutos"},"schema":{"@context":"https:\/\/schema.org","@graph":[{"@type":"WebPage","@id":"https:\/\/miguelmoreno.org\/blog\/aviso-legal\/","url":"https:\/\/miguelmoreno.org\/blog\/aviso-legal\/","name":"Aviso Legal - El Blog del Sur","isPartOf":{"@id":"https:\/\/miguelmoreno.org\/blog\/#website"},"primaryImageOfPage":{"@id":"https:\/\/miguelmoreno.org\/blog\/aviso-legal\/#primaryimage"},"image":{"@id":"https:\/\/miguelmoreno.org\/blog\/aviso-legal\/#primaryimage"},"thumbnailUrl":"https:\/\/miguelmoreno.org\/blog\/wp-content\/uploads\/2023\/12\/aviso-legal.jpg","datePublished":"2023-12-21T09:52:25+00:00","dateModified":"2023-12-21T13:17:18+00:00","breadcrumb":{"@id":"https:\/\/miguelmoreno.org\/blog\/aviso-legal\/#breadcrumb"},"inLanguage":"es","potentialAction":[{"@type":"ReadAction","target":["https:\/\/miguelmoreno.org\/blog\/aviso-legal\/"]}]},{"@type":"ImageObject","inLanguage":"es","@id":"https:\/\/miguelmoreno.org\/blog\/aviso-legal\/#primaryimage","url":"https:\/\/miguelmoreno.org\/blog\/wp-content\/uploads\/2023\/12\/aviso-legal.jpg","contentUrl":"https:\/\/miguelmoreno.org\/blog\/wp-content\/uploads\/2023\/12\/aviso-legal.jpg","width":1024,"height":137},{"@type":"BreadcrumbList","@id":"https:\/\/miguelmoreno.org\/blog\/aviso-legal\/#breadcrumb","itemListElement":[{"@type":"ListItem","position":1,"name":"Portada","item":"https:\/\/miguelmoreno.org\/blog\/"},{"@type":"ListItem","position":2,"name":"Aviso Legal"}]},{"@type":"WebSite","@id":"https:\/\/miguelmoreno.org\/blog\/#website","url":"https:\/\/miguelmoreno.org\/blog\/","name":"El Blog del Sur","description":"Cultura, conciertos, ferias, coplas...","potentialAction":[{"@type":"SearchAction","target":{"@type":"EntryPoint","urlTemplate":"https:\/\/miguelmoreno.org\/blog\/?s={search_term_string}"},"query-input":{"@type":"PropertyValueSpecification","valueRequired":true,"valueName":"search_term_string"}}],"inLanguage":"es"}]}},"_links":{"self":[{"href":"https:\/\/miguelmoreno.org\/blog\/wp-json\/wp\/v2\/pages\/12549","targetHints":{"allow":["GET"]}}],"collection":[{"href":"https:\/\/miguelmoreno.org\/blog\/wp-json\/wp\/v2\/pages"}],"about":[{"href":"https:\/\/miguelmoreno.org\/blog\/wp-json\/wp\/v2\/types\/page"}],"author":[{"embeddable":true,"href":"https:\/\/miguelmoreno.org\/blog\/wp-json\/wp\/v2\/users\/6"}],"replies":[{"embeddable":true,"href":"https:\/\/miguelmoreno.org\/blog\/wp-json\/wp\/v2\/comments?post=12549"}],"version-history":[{"count":3,"href":"https:\/\/miguelmoreno.org\/blog\/wp-json\/wp\/v2\/pages\/12549\/revisions"}],"predecessor-version":[{"id":12569,"href":"https:\/\/miguelmoreno.org\/blog\/wp-json\/wp\/v2\/pages\/12549\/revisions\/12569"}],"wp:attachment":[{"href":"https:\/\/miguelmoreno.org\/blog\/wp-json\/wp\/v2\/media?parent=12549"}],"curies":[{"name":"wp","href":"https:\/\/api.w.org\/{rel}","templated":true}]}}